{"id":216624,"date":"2026-04-16T16:26:05","date_gmt":"2026-04-16T14:26:05","guid":{"rendered":"https:\/\/www.fabioferro.eu\/ti-sento-milano-klassische-kollektion-goldene-ohrringe-mit-zirkonen.html"},"modified":"2026-04-16T16:26:05","modified_gmt":"2026-04-16T14:26:05","slug":"ti-sento-milano-klassische-kollektion-goldene-ohrringe-mit-zirkonen","status":"publish","type":"product","link":"https:\/\/www.fabioferro.eu\/de\/ti-sento-milano-klassische-kollektion-goldene-ohrringe-mit-zirkonen.html","title":{"rendered":"Ti Sento Milano Klassische Kollektion Goldene Ohrringe mit Zirkonen"},"content":{"rendered":"<div id=\"model-response-message-contentr_2180cdd307c113b8\" class=\"markdown markdown-main-panel stronger enable-updated-hr-color\" dir=\"ltr\" aria-live=\"polite\">\n<p data-path-to-node=\"0\">Ti Sento Milano Ohrringe aus Sterlingsilber mit einer 18-kar\u00e4tigen Gelbgoldauflage.<\/p>\n<p data-path-to-node=\"0\">Gew\u00f6lbtes Band, das in regelm\u00e4\u00dfigen Abst\u00e4nden mit wei\u00dfen Zirkonia im Rundschliff verziert ist.<\/p>\n<p data-path-to-node=\"0\">\u00c4u\u00dferer Randdurchmesser von 16 mm.<\/p>\n<p data-path-to-node=\"0\">Ein zeitloses Modell aus der Classics-Kollektion, ideal f\u00fcr den t\u00e4glichen Gebrauch.<\/p>\n<p data-path-to-node=\"0\">Mit der offiziellen Verpackung und Garantie von Ti Sento Milano.<\/p>\n<\/div>\n","protected":false},"excerpt":{"rendered":"<p>Ein Spiel mit Spiegelungen, das das Gesicht mit extremer Klasse beleuchtet.<\/p>\n","protected":false},"featured_media":216257,"comment_status":"open","ping_status":"closed","template":"","meta":[],"product_brand":[158],"product_cat":[6060],"product_tag":[7442],"class_list":{"0":"post-216624","1":"product","2":"type-product","3":"status-publish","4":"has-post-thumbnail","6":"product_brand-ti-sento-milano","7":"product_cat-ti-sento-milano-ohrringe","8":"product_tag-verfugbar","10":"first","11":"instock","12":"taxable","13":"shipping-taxable","14":"purchasable","15":"product-type-simple"},"exclude_global_add_ons":[],"addons":[],"df_price":149,"df_sale_price":"","df_regular_price":149,"df_image_link":"https:\/\/cdn02.fabioferro.eu\/wp-content\/uploads\/orecchini-ti-sento-milano-collezione-classic-dorati-con-zirconi.jpg","_links":{"self":[{"href":"https:\/\/www.fabioferro.eu\/de\/wp-json\/wp\/v2\/product\/216624","targetHints":{"allow":["GET"]}}],"collection":[{"href":"https:\/\/www.fabioferro.eu\/de\/wp-json\/wp\/v2\/product"}],"about":[{"href":"https:\/\/www.fabioferro.eu\/de\/wp-json\/wp\/v2\/types\/product"}],"replies":[{"embeddable":true,"href":"https:\/\/www.fabioferro.eu\/de\/wp-json\/wp\/v2\/comments?post=216624"}],"version-history":[{"count":0,"href":"https:\/\/www.fabioferro.eu\/de\/wp-json\/wp\/v2\/product\/216624\/revisions"}],"wp:featuredmedia":[{"embeddable":true,"href":"https:\/\/www.fabioferro.eu\/de\/wp-json\/wp\/v2\/media\/216257"}],"wp:attachment":[{"href":"https:\/\/www.fabioferro.eu\/de\/wp-json\/wp\/v2\/media?parent=216624"}],"wp:term":[{"taxonomy":"product_brand","embeddable":true,"href":"https:\/\/www.fabioferro.eu\/de\/wp-json\/wp\/v2\/product_brand?post=216624"},{"taxonomy":"product_cat","embeddable":true,"href":"https:\/\/www.fabioferro.eu\/de\/wp-json\/wp\/v2\/product_cat?post=216624"},{"taxonomy":"product_tag","embeddable":true,"href":"https:\/\/www.fabioferro.eu\/de\/wp-json\/wp\/v2\/product_tag?post=216624"}],"curies":[{"name":"wp","href":"https:\/\/api.w.org\/{rel}","templated":true}]}}