{"id":216627,"date":"2026-04-21T10:29:05","date_gmt":"2026-04-21T08:29:05","guid":{"rendered":"https:\/\/www.fabioferro.eu\/festina-mademoiselle-azure-stahl-quarz-32-5-mm-uhr.html"},"modified":"2026-04-21T10:29:05","modified_gmt":"2026-04-21T08:29:05","slug":"festina-mademoiselle-azure-stahl-quarz-32-5-mm-uhr","status":"publish","type":"product","link":"https:\/\/www.fabioferro.eu\/de\/festina-mademoiselle-azure-stahl-quarz-32-5-mm-uhr.html","title":{"rendered":"Festina Mademoiselle Azure Stahl Quarz 32.5 mm Uhr"},"content":{"rendered":"<p data-path-to-node=\"3\">Festina Damenuhr mit Quarzwerk und Datumsanzeige, aus Edelstahl mit blauem Ziffernblatt und Kubikzirkonen.<\/p>\n<p data-path-to-node=\"4\">Japanisches MIYOTA GL Series Quarzwerk mit Stunden-, Minuten-, Sekunden- und Kalenderfunktionen.<\/p>\n<p data-path-to-node=\"5\">Rundes Edelstahlgeh\u00e4use mit einem Durchmesser von 32,5 mm und einer Dicke von 9,00 mm.<\/p>\n<p data-path-to-node=\"5\">\u00c4u\u00dfere L\u00fcnette mit kubischen Zirkonen besetzt. Stahlboden mit Wasserdichtigkeit bis 5 ATM. <\/p>\n<p data-path-to-node=\"6\">Mineralglas, das aufgrund seiner besonderen Widerstandsf\u00e4higkeit und seiner F\u00e4higkeit, das Zifferblatt wirksam vor Kratzern oder St\u00f6\u00dfen zu sch\u00fctzen, ausgew\u00e4hlt wurde.<\/p>\n<p data-path-to-node=\"7\">Hellblaues Zifferblatt mit drei Metallzeigern und Kalenderfenster bei 6 Uhr.<\/p>\n<p data-path-to-node=\"8\">Ein graues Edelstahlarmband mit einer Breite von 15,80 mm und einer Sicherheitsschlie\u00dfe mit zwei Kn\u00f6pfen.<\/p>\n<p data-path-to-node=\"9\">Die Uhr wird von der offiziellen Festina Garantie und Verpackung begleitet.<\/p>\n","protected":false},"excerpt":{"rendered":"<p>Eine konkrete Uhr f\u00fcr diejenigen, die Substanz und Stil suchen.<\/p>\n","protected":false},"featured_media":216358,"comment_status":"open","ping_status":"closed","template":"","meta":[],"product_brand":[171],"product_cat":[5976],"product_tag":[7551,7442],"class_list":{"0":"post-216627","1":"product","2":"type-product","3":"status-publish","4":"has-post-thumbnail","6":"product_brand-festina","7":"product_cat-festina-damenuhren","8":"product_tag-ausschlusse","9":"product_tag-verfugbar","11":"first","12":"instock","13":"sale","14":"taxable","15":"shipping-taxable","16":"purchasable","17":"product-type-simple"},"exclude_global_add_ons":[],"addons":[],"df_price":79.2,"df_sale_price":79.2,"df_regular_price":99,"df_image_link":"https:\/\/cdn02.fabioferro.eu\/wp-content\/uploads\/orologio-festina-mademoiselle-azzurro-acciaio-quartz-325-mm.jpg","_links":{"self":[{"href":"https:\/\/www.fabioferro.eu\/de\/wp-json\/wp\/v2\/product\/216627","targetHints":{"allow":["GET"]}}],"collection":[{"href":"https:\/\/www.fabioferro.eu\/de\/wp-json\/wp\/v2\/product"}],"about":[{"href":"https:\/\/www.fabioferro.eu\/de\/wp-json\/wp\/v2\/types\/product"}],"replies":[{"embeddable":true,"href":"https:\/\/www.fabioferro.eu\/de\/wp-json\/wp\/v2\/comments?post=216627"}],"version-history":[{"count":0,"href":"https:\/\/www.fabioferro.eu\/de\/wp-json\/wp\/v2\/product\/216627\/revisions"}],"wp:featuredmedia":[{"embeddable":true,"href":"https:\/\/www.fabioferro.eu\/de\/wp-json\/wp\/v2\/media\/216358"}],"wp:attachment":[{"href":"https:\/\/www.fabioferro.eu\/de\/wp-json\/wp\/v2\/media?parent=216627"}],"wp:term":[{"taxonomy":"product_brand","embeddable":true,"href":"https:\/\/www.fabioferro.eu\/de\/wp-json\/wp\/v2\/product_brand?post=216627"},{"taxonomy":"product_cat","embeddable":true,"href":"https:\/\/www.fabioferro.eu\/de\/wp-json\/wp\/v2\/product_cat?post=216627"},{"taxonomy":"product_tag","embeddable":true,"href":"https:\/\/www.fabioferro.eu\/de\/wp-json\/wp\/v2\/product_tag?post=216627"}],"curies":[{"name":"wp","href":"https:\/\/api.w.org\/{rel}","templated":true}]}}