{"id":216629,"date":"2026-04-21T10:29:04","date_gmt":"2026-04-21T08:29:04","guid":{"rendered":"https:\/\/www.fabioferro.eu\/festina-boyfriend-viola-stahl-quarz-36-mm-uhr.html"},"modified":"2026-04-21T10:29:04","modified_gmt":"2026-04-21T08:29:04","slug":"festina-boyfriend-viola-stahl-quarz-36-mm-uhr","status":"publish","type":"product","link":"https:\/\/www.fabioferro.eu\/de\/festina-boyfriend-viola-stahl-quarz-36-mm-uhr.html","title":{"rendered":"Festina Boyfriend Viola Stahl Quarz 36 mm Uhr"},"content":{"rendered":"<p data-path-to-node=\"2\">Festina Damen Chronographenuhr aus Edelstahl mit violettem Zifferblatt und Zirkonia auf dem Geh\u00e4use.<\/p>\n<p data-path-to-node=\"3\">Japanisches MIYOTA-Quarzwerk der JS-Serie mit Chronographenfunktionen.<\/p>\n<p data-path-to-node=\"4\">Rundes Edelstahlgeh\u00e4use mit einem Durchmesser von 36 mm und einer Dicke von 9,50 mm.<\/p>\n<p data-path-to-node=\"4\">Das Geh\u00e4use der 86,61 g schweren Uhr verf\u00fcgt \u00fcber zwei seitliche Dr\u00fccker zur Steuerung des Chronographen und einen Geh\u00e4useboden mit einer Wasserdichtigkeit bis 5 ATM.<\/p>\n<p data-path-to-node=\"6\">Lila Zifferblatt mit sechs Metallzeigern f\u00fcr die Anzeige von Stunden, Minuten, Sekunden und Chronographenfunktionen. Modell ohne Datumsanzeige. <\/p>\n<p data-path-to-node=\"7\">Graues Edelstahlarmband mit einer Breite von 18,50 mm, erg\u00e4nzt durch eine praktische Doppelknopfschlie\u00dfe.<\/p>\n<p data-path-to-node=\"8\">Die Uhr wird von der offiziellen Festina Garantie und Verpackung begleitet.<\/p>\n","protected":false},"excerpt":{"rendered":"<p>Entworfen, um jeden Tag getragen zu werden, ohne viel dar\u00fcber nachzudenken.<\/p>\n","protected":false},"featured_media":216381,"comment_status":"open","ping_status":"closed","template":"","meta":[],"product_brand":[171],"product_cat":[5976],"product_tag":[7551,7442],"class_list":{"0":"post-216629","1":"product","2":"type-product","3":"status-publish","4":"has-post-thumbnail","6":"product_brand-festina","7":"product_cat-festina-damenuhren","8":"product_tag-ausschlusse","9":"product_tag-verfugbar","11":"first","12":"instock","13":"sale","14":"taxable","15":"shipping-taxable","16":"purchasable","17":"product-type-simple"},"exclude_global_add_ons":[],"addons":[],"df_price":119.2,"df_sale_price":119.2,"df_regular_price":149,"df_image_link":"https:\/\/cdn02.fabioferro.eu\/wp-content\/uploads\/orologio-festina-boyfriend-viola-acciaio-quartz-36-mm.jpg","_links":{"self":[{"href":"https:\/\/www.fabioferro.eu\/de\/wp-json\/wp\/v2\/product\/216629","targetHints":{"allow":["GET"]}}],"collection":[{"href":"https:\/\/www.fabioferro.eu\/de\/wp-json\/wp\/v2\/product"}],"about":[{"href":"https:\/\/www.fabioferro.eu\/de\/wp-json\/wp\/v2\/types\/product"}],"replies":[{"embeddable":true,"href":"https:\/\/www.fabioferro.eu\/de\/wp-json\/wp\/v2\/comments?post=216629"}],"version-history":[{"count":0,"href":"https:\/\/www.fabioferro.eu\/de\/wp-json\/wp\/v2\/product\/216629\/revisions"}],"wp:featuredmedia":[{"embeddable":true,"href":"https:\/\/www.fabioferro.eu\/de\/wp-json\/wp\/v2\/media\/216381"}],"wp:attachment":[{"href":"https:\/\/www.fabioferro.eu\/de\/wp-json\/wp\/v2\/media?parent=216629"}],"wp:term":[{"taxonomy":"product_brand","embeddable":true,"href":"https:\/\/www.fabioferro.eu\/de\/wp-json\/wp\/v2\/product_brand?post=216629"},{"taxonomy":"product_cat","embeddable":true,"href":"https:\/\/www.fabioferro.eu\/de\/wp-json\/wp\/v2\/product_cat?post=216629"},{"taxonomy":"product_tag","embeddable":true,"href":"https:\/\/www.fabioferro.eu\/de\/wp-json\/wp\/v2\/product_tag?post=216629"}],"curies":[{"name":"wp","href":"https:\/\/api.w.org\/{rel}","templated":true}]}}