{"id":216633,"date":"2026-04-16T16:26:13","date_gmt":"2026-04-16T14:26:13","guid":{"rendered":"https:\/\/www.fabioferro.eu\/ti-sento-milano-starrer-goldener-armreif-mit-zirkonen.html"},"modified":"2026-04-16T16:26:13","modified_gmt":"2026-04-16T14:26:13","slug":"ti-sento-milano-starrer-goldener-armreif-mit-zirkonen","status":"publish","type":"product","link":"https:\/\/www.fabioferro.eu\/de\/ti-sento-milano-starrer-goldener-armreif-mit-zirkonen.html","title":{"rendered":"Ti Sento Milano Starrer goldener Armreif mit Zirkonen"},"content":{"rendered":"<div id=\"model-response-message-contentr_6add4850d985bf2e\" class=\"markdown markdown-main-panel stronger enable-updated-hr-color\" dir=\"ltr\" aria-live=\"polite\">\n<p data-path-to-node=\"0\">Ti Sento Milano starres Armband aus Sterlingsilber mit 18kt Gelbgoldplattierung.<\/p>\n<p data-path-to-node=\"0\">In regelm\u00e4\u00dfigen Abst\u00e4nden sind wei\u00dfe Zirkone entlang des Bandes gefasst.<\/p>\n<p data-path-to-node=\"0\">Verdeckter, in den Rahmen integrierter Verschluss f\u00fcr eine durchgehende, geradlinige Silhouette.<\/p>\n<p data-path-to-node=\"0\">Bandbreite 5 mm oben und 3 mm unten.<\/p>\n<p data-path-to-node=\"0\">Erh\u00e4ltlich in den Gr\u00f6\u00dfen S (cm. 14.0 &#8211; 15.4), M (cm. 15.4 &#8211; 17.4) und L (cm. 17.6 &#8211; 19.5).<\/p>\n<p data-path-to-node=\"0\">Mit der offiziellen Ti Sento Milano Verpackung und Garantie.<\/p>\n<\/div>\n","protected":false},"excerpt":{"rendered":"<p>Ausgew\u00e4hlte Zirkone f\u00fcr un\u00fcbertroffene Brillanz.<\/p>\n","protected":false},"featured_media":216098,"comment_status":"open","ping_status":"closed","template":"","meta":[],"product_brand":[158],"product_cat":[6074],"product_tag":[7442],"class_list":{"0":"post-216633","1":"product","2":"type-product","3":"status-publish","4":"has-post-thumbnail","6":"product_brand-ti-sento-milano","7":"product_cat-ti-sento-milano-armbander","8":"product_tag-verfugbar","10":"first","11":"instock","12":"sale","13":"taxable","14":"shipping-taxable","15":"purchasable","16":"product-type-variable","17":"has-default-attributes"},"exclude_global_add_ons":[],"addons":[],"df_price":269.1,"df_sale_price":"","df_regular_price":269.1,"df_image_link":"https:\/\/cdn02.fabioferro.eu\/wp-content\/uploads\/bracciale-ti-sento-milano-rigido-dorato-con-zirconi.jpg","_links":{"self":[{"href":"https:\/\/www.fabioferro.eu\/de\/wp-json\/wp\/v2\/product\/216633","targetHints":{"allow":["GET"]}}],"collection":[{"href":"https:\/\/www.fabioferro.eu\/de\/wp-json\/wp\/v2\/product"}],"about":[{"href":"https:\/\/www.fabioferro.eu\/de\/wp-json\/wp\/v2\/types\/product"}],"replies":[{"embeddable":true,"href":"https:\/\/www.fabioferro.eu\/de\/wp-json\/wp\/v2\/comments?post=216633"}],"version-history":[{"count":0,"href":"https:\/\/www.fabioferro.eu\/de\/wp-json\/wp\/v2\/product\/216633\/revisions"}],"wp:featuredmedia":[{"embeddable":true,"href":"https:\/\/www.fabioferro.eu\/de\/wp-json\/wp\/v2\/media\/216098"}],"wp:attachment":[{"href":"https:\/\/www.fabioferro.eu\/de\/wp-json\/wp\/v2\/media?parent=216633"}],"wp:term":[{"taxonomy":"product_brand","embeddable":true,"href":"https:\/\/www.fabioferro.eu\/de\/wp-json\/wp\/v2\/product_brand?post=216633"},{"taxonomy":"product_cat","embeddable":true,"href":"https:\/\/www.fabioferro.eu\/de\/wp-json\/wp\/v2\/product_cat?post=216633"},{"taxonomy":"product_tag","embeddable":true,"href":"https:\/\/www.fabioferro.eu\/de\/wp-json\/wp\/v2\/product_tag?post=216633"}],"curies":[{"name":"wp","href":"https:\/\/api.w.org\/{rel}","templated":true}]}}