{"id":216638,"date":"2026-04-21T10:28:58","date_gmt":"2026-04-21T08:28:58","guid":{"rendered":"https:\/\/www.fabioferro.eu\/festina-boyfriend-hellblau-stahl-quarzuhr-37-5-mm.html"},"modified":"2026-04-21T10:28:58","modified_gmt":"2026-04-21T08:28:58","slug":"festina-boyfriend-hellblau-stahl-quarzuhr-37-5-mm","status":"publish","type":"product","link":"https:\/\/www.fabioferro.eu\/de\/festina-boyfriend-hellblau-stahl-quarzuhr-37-5-mm.html","title":{"rendered":"Festina Boyfriend Hellblau Stahl Quarzuhr 37.5 mm"},"content":{"rendered":"<div id=\"model-response-message-contentr_744936643fab9760\" class=\"markdown markdown-main-panel stronger enable-updated-hr-color\" dir=\"ltr\" aria-live=\"polite\">\n<p data-path-to-node=\"0\">Unisex-Uhr von Festina, komplett aus Edelstahl mit blauem Zifferblatt.<\/p>\n<p data-path-to-node=\"1\">Japanisches MIYOTA-Quarzwerk der JS-Serie mit Chronographenfunktionen.<\/p>\n<p data-path-to-node=\"2\">Rundes Edelstahlgeh\u00e4use mit einem Durchmesser von 37,50 mm und einer Dicke von 12,15 mm.<\/p>\n<p data-path-to-node=\"2\">Das 106,7 g schwere Geh\u00e4use verf\u00fcgt \u00fcber zwei seitliche Dr\u00fccker und einen Stahlboden, der Wasserdichtigkeit bis zu 10 ATM garantiert.<\/p>\n<p data-path-to-node=\"3\">Mineralglas, ein zuverl\u00e4ssiges technisches Material, das einen konstanten Schutz des Zifferblatts bei t\u00e4glichem Gebrauch gew\u00e4hrleistet.<\/p>\n<p data-path-to-node=\"4\">Hellblaues Zifferblatt mit sechs Metallzeigern f\u00fcr die Zeitanzeige und Chronographenmessungen. Version ohne Kalender. <\/p>\n<p data-path-to-node=\"5\">Graues Edelstahlarmband mit einer Breite von 18,95 mm.<\/p>\n<p data-path-to-node=\"6\">Die Uhr wird von der offiziellen Festina Garantie und Verpackung begleitet.<\/p>\n<\/div>\n","protected":false},"excerpt":{"rendered":"<p>Zeitgen\u00f6ssische Linien, die den modernen Geschmack mit Klasse interpretieren.<\/p>\n","protected":false},"featured_media":216473,"comment_status":"open","ping_status":"closed","template":"","meta":[],"product_brand":[171],"product_cat":[5998,5976],"product_tag":[7442],"class_list":{"0":"post-216638","1":"product","2":"type-product","3":"status-publish","4":"has-post-thumbnail","6":"product_brand-festina","7":"product_cat-festina-herrenuhren","8":"product_cat-festina-damenuhren","9":"product_tag-verfugbar","11":"first","12":"instock","13":"sale","14":"taxable","15":"shipping-taxable","16":"purchasable","17":"product-type-simple"},"exclude_global_add_ons":[],"addons":[],"df_price":111.2,"df_sale_price":111.2,"df_regular_price":139,"df_image_link":"https:\/\/cdn02.fabioferro.eu\/wp-content\/uploads\/orologio-festina-boyfriend-azzurro-acciaio-quartz-375-mm.jpg","_links":{"self":[{"href":"https:\/\/www.fabioferro.eu\/de\/wp-json\/wp\/v2\/product\/216638","targetHints":{"allow":["GET"]}}],"collection":[{"href":"https:\/\/www.fabioferro.eu\/de\/wp-json\/wp\/v2\/product"}],"about":[{"href":"https:\/\/www.fabioferro.eu\/de\/wp-json\/wp\/v2\/types\/product"}],"replies":[{"embeddable":true,"href":"https:\/\/www.fabioferro.eu\/de\/wp-json\/wp\/v2\/comments?post=216638"}],"version-history":[{"count":0,"href":"https:\/\/www.fabioferro.eu\/de\/wp-json\/wp\/v2\/product\/216638\/revisions"}],"wp:featuredmedia":[{"embeddable":true,"href":"https:\/\/www.fabioferro.eu\/de\/wp-json\/wp\/v2\/media\/216473"}],"wp:attachment":[{"href":"https:\/\/www.fabioferro.eu\/de\/wp-json\/wp\/v2\/media?parent=216638"}],"wp:term":[{"taxonomy":"product_brand","embeddable":true,"href":"https:\/\/www.fabioferro.eu\/de\/wp-json\/wp\/v2\/product_brand?post=216638"},{"taxonomy":"product_cat","embeddable":true,"href":"https:\/\/www.fabioferro.eu\/de\/wp-json\/wp\/v2\/product_cat?post=216638"},{"taxonomy":"product_tag","embeddable":true,"href":"https:\/\/www.fabioferro.eu\/de\/wp-json\/wp\/v2\/product_tag?post=216638"}],"curies":[{"name":"wp","href":"https:\/\/api.w.org\/{rel}","templated":true}]}}