{"id":216644,"date":"2026-04-16T16:26:13","date_gmt":"2026-04-16T14:26:13","guid":{"rendered":"https:\/\/www.fabioferro.eu\/ti-sento-milano-klassische-runde-halskette-mit-zirkonen.html"},"modified":"2026-04-16T16:26:13","modified_gmt":"2026-04-16T14:26:13","slug":"ti-sento-milano-klassische-runde-halskette-mit-zirkonen","status":"publish","type":"product","link":"https:\/\/www.fabioferro.eu\/de\/ti-sento-milano-klassische-runde-halskette-mit-zirkonen.html","title":{"rendered":"Ti Sento Milano Klassische runde Halskette mit Zirkonen"},"content":{"rendered":"<div id=\"model-response-message-contentr_a98fedda753e8f0e\" class=\"markdown markdown-main-panel stronger enable-updated-hr-color\" dir=\"ltr\" aria-live=\"polite\">\n<p data-path-to-node=\"0\">Ti Sento Milano Halskette aus Sterlingsilber mit 18kt Gelbgoldplattierung.<\/p>\n<p data-path-to-node=\"0\">Zentraler kreisf\u00f6rmiger Anh\u00e4nger, verziert mit wei\u00dfen Zirkonia im Rundschliff.<\/p>\n<p data-path-to-node=\"0\">Die Kettenl\u00e4nge ist dank des praktischen Verschlusses von 38 cm bis 48 cm verstellbar.<\/p>\n<p data-path-to-node=\"0\">Durchmesser des Anh\u00e4ngers 20 mm.<\/p>\n<p data-path-to-node=\"0\">Zeitloses Design aus der Classics Kollektion.<\/p>\n<p data-path-to-node=\"0\">Mit der offiziellen Ti Sento Milano Verpackung und Garantie.<\/p>\n<\/div>\n","protected":false},"excerpt":{"rendered":"<p>Helles Design, das ein Gef\u00fchl von Luxus vermittelt, signiert Ti Sento Milano.<\/p>\n","protected":false},"featured_media":216135,"comment_status":"open","ping_status":"closed","template":"","meta":[],"product_brand":[158],"product_cat":[6090],"product_tag":[7442],"class_list":{"0":"post-216644","1":"product","2":"type-product","3":"status-publish","4":"has-post-thumbnail","6":"product_brand-ti-sento-milano","7":"product_cat-ti-sento-milano-halsketten","8":"product_tag-verfugbar","10":"first","11":"instock","12":"taxable","13":"shipping-taxable","14":"purchasable","15":"product-type-simple"},"exclude_global_add_ons":[],"addons":[],"df_price":139,"df_sale_price":"","df_regular_price":139,"df_image_link":"https:\/\/cdn02.fabioferro.eu\/wp-content\/uploads\/collana-ti-sento-milano-classica-rotonda-con-zirconi.jpg","_links":{"self":[{"href":"https:\/\/www.fabioferro.eu\/de\/wp-json\/wp\/v2\/product\/216644","targetHints":{"allow":["GET"]}}],"collection":[{"href":"https:\/\/www.fabioferro.eu\/de\/wp-json\/wp\/v2\/product"}],"about":[{"href":"https:\/\/www.fabioferro.eu\/de\/wp-json\/wp\/v2\/types\/product"}],"replies":[{"embeddable":true,"href":"https:\/\/www.fabioferro.eu\/de\/wp-json\/wp\/v2\/comments?post=216644"}],"version-history":[{"count":0,"href":"https:\/\/www.fabioferro.eu\/de\/wp-json\/wp\/v2\/product\/216644\/revisions"}],"wp:featuredmedia":[{"embeddable":true,"href":"https:\/\/www.fabioferro.eu\/de\/wp-json\/wp\/v2\/media\/216135"}],"wp:attachment":[{"href":"https:\/\/www.fabioferro.eu\/de\/wp-json\/wp\/v2\/media?parent=216644"}],"wp:term":[{"taxonomy":"product_brand","embeddable":true,"href":"https:\/\/www.fabioferro.eu\/de\/wp-json\/wp\/v2\/product_brand?post=216644"},{"taxonomy":"product_cat","embeddable":true,"href":"https:\/\/www.fabioferro.eu\/de\/wp-json\/wp\/v2\/product_cat?post=216644"},{"taxonomy":"product_tag","embeddable":true,"href":"https:\/\/www.fabioferro.eu\/de\/wp-json\/wp\/v2\/product_tag?post=216644"}],"curies":[{"name":"wp","href":"https:\/\/api.w.org\/{rel}","templated":true}]}}