{"id":216653,"date":"2026-04-21T10:29:03","date_gmt":"2026-04-21T08:29:03","guid":{"rendered":"https:\/\/www.fabioferro.eu\/festina-boyfriend-gruen-stahl-quarz-34-5-mm-uhr.html"},"modified":"2026-04-21T10:29:03","modified_gmt":"2026-04-21T08:29:03","slug":"festina-boyfriend-gruen-stahl-quarz-34-5-mm-uhr","status":"publish","type":"product","link":"https:\/\/www.fabioferro.eu\/de\/festina-boyfriend-gruen-stahl-quarz-34-5-mm-uhr.html","title":{"rendered":"Festina Boyfriend Gr\u00fcn Stahl Quarz 34.5 mm Uhr"},"content":{"rendered":"<div id=\"model-response-message-contentr_064b3cb72deb2e2a\" class=\"markdown markdown-main-panel stronger enable-updated-hr-color\" dir=\"ltr\" aria-live=\"polite\">\n<p data-path-to-node=\"0\">Festina Uhr mit Datumsanzeige aus Edelstahl und gr\u00fcnem Zifferblatt.<\/p>\n<p data-path-to-node=\"1\">Japanisches MIYOTA GL-Series Quarzwerk mit Stunden-, Minuten- und Sekundenanzeige und Kalenderfunktion.<\/p>\n<p data-path-to-node=\"2\">Rundes Edelstahlgeh\u00e4use mit einem Durchmesser von 34,50 mm und einer Dicke von 11,05 mm.<\/p>\n<p data-path-to-node=\"2\">Solide Konstruktion mit einem Gewicht von 96,72 g, einem Stahlboden und garantierter Wasserdichtigkeit bis zu 10 ATM.<\/p>\n<p data-path-to-node=\"3\">Mineralglas sorgt f\u00fcr eine klare Sicht auf das Zifferblatt und sch\u00fctzt vor Kratzern und dem Verschlei\u00df der Zeit.<\/p>\n<p data-path-to-node=\"4\">Gr\u00fcnes Zifferblatt mit drei Metallzeigern und Datumsanzeige.<\/p>\n<p data-path-to-node=\"5\">Graues Edelstahlarmband mit Faltschlie\u00dfe.<\/p>\n<p data-path-to-node=\"6\">Die Uhr wird von der offiziellen Festina Garantie und Verpackung begleitet.<\/p>\n<\/div>\n","protected":false},"excerpt":{"rendered":"<p>Ein zuverl\u00e4ssiges Zubeh\u00f6r, das seine Aufgabe mit Pr\u00e4zision erf\u00fcllt.<\/p>\n","protected":false},"featured_media":216403,"comment_status":"open","ping_status":"closed","template":"","meta":[],"product_brand":[171],"product_cat":[5976],"product_tag":[7442],"class_list":{"0":"post-216653","1":"product","2":"type-product","3":"status-publish","4":"has-post-thumbnail","6":"product_brand-festina","7":"product_cat-festina-damenuhren","8":"product_tag-verfugbar","10":"first","11":"instock","12":"sale","13":"taxable","14":"shipping-taxable","15":"purchasable","16":"product-type-simple"},"exclude_global_add_ons":[],"addons":[],"df_price":103.2,"df_sale_price":103.2,"df_regular_price":129,"df_image_link":"https:\/\/cdn02.fabioferro.eu\/wp-content\/uploads\/orologio-festina-boyfriend-verde-acciaio-quartz-345-mm.jpg","_links":{"self":[{"href":"https:\/\/www.fabioferro.eu\/de\/wp-json\/wp\/v2\/product\/216653","targetHints":{"allow":["GET"]}}],"collection":[{"href":"https:\/\/www.fabioferro.eu\/de\/wp-json\/wp\/v2\/product"}],"about":[{"href":"https:\/\/www.fabioferro.eu\/de\/wp-json\/wp\/v2\/types\/product"}],"replies":[{"embeddable":true,"href":"https:\/\/www.fabioferro.eu\/de\/wp-json\/wp\/v2\/comments?post=216653"}],"version-history":[{"count":0,"href":"https:\/\/www.fabioferro.eu\/de\/wp-json\/wp\/v2\/product\/216653\/revisions"}],"wp:featuredmedia":[{"embeddable":true,"href":"https:\/\/www.fabioferro.eu\/de\/wp-json\/wp\/v2\/media\/216403"}],"wp:attachment":[{"href":"https:\/\/www.fabioferro.eu\/de\/wp-json\/wp\/v2\/media?parent=216653"}],"wp:term":[{"taxonomy":"product_brand","embeddable":true,"href":"https:\/\/www.fabioferro.eu\/de\/wp-json\/wp\/v2\/product_brand?post=216653"},{"taxonomy":"product_cat","embeddable":true,"href":"https:\/\/www.fabioferro.eu\/de\/wp-json\/wp\/v2\/product_cat?post=216653"},{"taxonomy":"product_tag","embeddable":true,"href":"https:\/\/www.fabioferro.eu\/de\/wp-json\/wp\/v2\/product_tag?post=216653"}],"curies":[{"name":"wp","href":"https:\/\/api.w.org\/{rel}","templated":true}]}}