{"id":216660,"date":"2026-04-16T16:26:10","date_gmt":"2026-04-16T14:26:10","guid":{"rendered":"https:\/\/www.fabioferro.eu\/ti-sento-milano-anhaenger-halskette-weisse-zirkone.html"},"modified":"2026-04-16T16:26:10","modified_gmt":"2026-04-16T14:26:10","slug":"ti-sento-milano-anhaenger-halskette-weisse-zirkone","status":"publish","type":"product","link":"https:\/\/www.fabioferro.eu\/de\/ti-sento-milano-anhaenger-halskette-weisse-zirkone.html","title":{"rendered":"Ti Sento Milano Anh\u00e4nger Halskette Wei\u00dfe Zirkone"},"content":{"rendered":"<div id=\"model-response-message-contentr_0f745c685106d500\" class=\"markdown markdown-main-panel stronger enable-updated-hr-color\" dir=\"ltr\" aria-live=\"polite\">\n<p data-path-to-node=\"0\">Ti Sento Milano Halskette komplett aus 925er Sterlingsilber gefertigt.<\/p>\n<p data-path-to-node=\"0\">Anh\u00e4nger mit gro\u00dfem wei\u00dfen Zirkonia im Rundschliff.<\/p>\n<p data-path-to-node=\"0\">Zentraler Stein, umgeben von einer feinen Reihe kleinerer Zirkonia f\u00fcr eine Tiefenwirkung.<\/p>\n<p data-path-to-node=\"0\">Kettenl\u00e4nge verstellbar von 38 cm bis 48 cm.<\/p>\n<p data-path-to-node=\"0\">Durchmesser des Anh\u00e4ngers 9 mm und Gesamtl\u00e4nge 14 mm.<\/p>\n<p data-path-to-node=\"0\">Das Schmuckst\u00fcck ist mit einer sch\u00fctzenden Platinbeschichtung versehen.<\/p>\n<p data-path-to-node=\"0\">Mit der offiziellen Ti Sento Milano Verpackung und Garantie.<\/p>\n<\/div>\n","protected":false},"excerpt":{"rendered":"<p>Die strategische Wahl f\u00fcr alle, die ein langlebiges und ikonisches Schmuckst\u00fcck suchen.<\/p>\n","protected":false},"featured_media":216190,"comment_status":"open","ping_status":"closed","template":"","meta":[],"product_brand":[158],"product_cat":[6090],"product_tag":[7442],"class_list":{"0":"post-216660","1":"product","2":"type-product","3":"status-publish","4":"has-post-thumbnail","6":"product_brand-ti-sento-milano","7":"product_cat-ti-sento-milano-halsketten","8":"product_tag-verfugbar","10":"first","11":"instock","12":"taxable","13":"shipping-taxable","14":"purchasable","15":"product-type-simple"},"exclude_global_add_ons":[],"addons":[],"df_price":99,"df_sale_price":"","df_regular_price":99,"df_image_link":"https:\/\/cdn02.fabioferro.eu\/wp-content\/uploads\/collana-ti-sento-milano-pendente-zirconi-bianchi.jpg","_links":{"self":[{"href":"https:\/\/www.fabioferro.eu\/de\/wp-json\/wp\/v2\/product\/216660","targetHints":{"allow":["GET"]}}],"collection":[{"href":"https:\/\/www.fabioferro.eu\/de\/wp-json\/wp\/v2\/product"}],"about":[{"href":"https:\/\/www.fabioferro.eu\/de\/wp-json\/wp\/v2\/types\/product"}],"replies":[{"embeddable":true,"href":"https:\/\/www.fabioferro.eu\/de\/wp-json\/wp\/v2\/comments?post=216660"}],"version-history":[{"count":0,"href":"https:\/\/www.fabioferro.eu\/de\/wp-json\/wp\/v2\/product\/216660\/revisions"}],"wp:featuredmedia":[{"embeddable":true,"href":"https:\/\/www.fabioferro.eu\/de\/wp-json\/wp\/v2\/media\/216190"}],"wp:attachment":[{"href":"https:\/\/www.fabioferro.eu\/de\/wp-json\/wp\/v2\/media?parent=216660"}],"wp:term":[{"taxonomy":"product_brand","embeddable":true,"href":"https:\/\/www.fabioferro.eu\/de\/wp-json\/wp\/v2\/product_brand?post=216660"},{"taxonomy":"product_cat","embeddable":true,"href":"https:\/\/www.fabioferro.eu\/de\/wp-json\/wp\/v2\/product_cat?post=216660"},{"taxonomy":"product_tag","embeddable":true,"href":"https:\/\/www.fabioferro.eu\/de\/wp-json\/wp\/v2\/product_tag?post=216660"}],"curies":[{"name":"wp","href":"https:\/\/api.w.org\/{rel}","templated":true}]}}