{"id":216664,"date":"2026-04-16T16:26:11","date_gmt":"2026-04-16T14:26:11","guid":{"rendered":"https:\/\/www.fabioferro.eu\/ti-sento-milano-kreisfoermige-dorarta-halskette-mit-weissen-zirkonen.html"},"modified":"2026-04-16T16:26:11","modified_gmt":"2026-04-16T14:26:11","slug":"ti-sento-milano-kreisfoermige-dorarta-halskette-mit-weissen-zirkonen","status":"publish","type":"product","link":"https:\/\/www.fabioferro.eu\/de\/ti-sento-milano-kreisfoermige-dorarta-halskette-mit-weissen-zirkonen.html","title":{"rendered":"Ti Sento Milano Kreisf\u00f6rmige Dorarta Halskette mit wei\u00dfen Zirkonen"},"content":{"rendered":"<div id=\"model-response-message-contentr_f638a446df777760\" class=\"markdown markdown-main-panel stronger enable-updated-hr-color\" dir=\"ltr\" aria-live=\"polite\">\n<p data-path-to-node=\"0\">Ti Sento Milano Halskette aus 925er rhodiniertem und hypoallergenem Silber mit 18kt Gelbgoldauflage.<\/p>\n<p data-path-to-node=\"0\">Kreisf\u00f6rmiger Anh\u00e4nger mit offener Mitte, gefertigt aus Gelbgold und verziert mit einer Reihe von wei\u00dfen Zirkonen.<\/p>\n<p data-path-to-node=\"0\">Feine Silberkette mit verstellbarem Verschluss f\u00fcr eine L\u00e4nge von 38 cm bis 48 cm.<\/p>\n<p data-path-to-node=\"0\">Gesamtl\u00e4nge des Anh\u00e4ngers 21,5 mm.<\/p>\n<p data-path-to-node=\"0\">Skulpturales, zweifarbiges Design aus der Circles &amp; Cross-over Kollektion.<\/p>\n<p data-path-to-node=\"0\">Mit der offiziellen Ti Sento Milano Verpackung und Garantie.<\/p>\n<\/div>\n","protected":false},"excerpt":{"rendered":"<p>Hochpr\u00e4zise Bearbeitung, die die Reinheit des Materials erh\u00f6ht.<\/p>\n","protected":false},"featured_media":216160,"comment_status":"open","ping_status":"closed","template":"","meta":[],"product_brand":[158],"product_cat":[6090],"product_tag":[7442],"class_list":{"0":"post-216664","1":"product","2":"type-product","3":"status-publish","4":"has-post-thumbnail","6":"product_brand-ti-sento-milano","7":"product_cat-ti-sento-milano-halsketten","8":"product_tag-verfugbar","10":"first","11":"instock","12":"taxable","13":"shipping-taxable","14":"purchasable","15":"product-type-simple"},"exclude_global_add_ons":[],"addons":[],"df_price":139,"df_sale_price":"","df_regular_price":139,"df_image_link":"https:\/\/cdn02.fabioferro.eu\/wp-content\/uploads\/collana-ti-sento-milano-circolare-dorata-con-zirconi-bianchi.jpg","_links":{"self":[{"href":"https:\/\/www.fabioferro.eu\/de\/wp-json\/wp\/v2\/product\/216664","targetHints":{"allow":["GET"]}}],"collection":[{"href":"https:\/\/www.fabioferro.eu\/de\/wp-json\/wp\/v2\/product"}],"about":[{"href":"https:\/\/www.fabioferro.eu\/de\/wp-json\/wp\/v2\/types\/product"}],"replies":[{"embeddable":true,"href":"https:\/\/www.fabioferro.eu\/de\/wp-json\/wp\/v2\/comments?post=216664"}],"version-history":[{"count":0,"href":"https:\/\/www.fabioferro.eu\/de\/wp-json\/wp\/v2\/product\/216664\/revisions"}],"wp:featuredmedia":[{"embeddable":true,"href":"https:\/\/www.fabioferro.eu\/de\/wp-json\/wp\/v2\/media\/216160"}],"wp:attachment":[{"href":"https:\/\/www.fabioferro.eu\/de\/wp-json\/wp\/v2\/media?parent=216664"}],"wp:term":[{"taxonomy":"product_brand","embeddable":true,"href":"https:\/\/www.fabioferro.eu\/de\/wp-json\/wp\/v2\/product_brand?post=216664"},{"taxonomy":"product_cat","embeddable":true,"href":"https:\/\/www.fabioferro.eu\/de\/wp-json\/wp\/v2\/product_cat?post=216664"},{"taxonomy":"product_tag","embeddable":true,"href":"https:\/\/www.fabioferro.eu\/de\/wp-json\/wp\/v2\/product_tag?post=216664"}],"curies":[{"name":"wp","href":"https:\/\/api.w.org\/{rel}","templated":true}]}}