{"id":216671,"date":"2026-04-15T19:07:24","date_gmt":"2026-04-15T17:07:24","guid":{"rendered":"https:\/\/www.fabioferro.eu\/ti-sento-milano-sternenstaub-zirkonia-ohrringe.html"},"modified":"2026-04-15T19:07:24","modified_gmt":"2026-04-15T17:07:24","slug":"ti-sento-milano-sternenstaub-zirkonia-ohrringe","status":"publish","type":"product","link":"https:\/\/www.fabioferro.eu\/de\/ti-sento-milano-sternenstaub-zirkonia-ohrringe.html","title":{"rendered":"Ti Sento Milano Sternenstaub Zirkonia Ohrringe"},"content":{"rendered":"<p>Ti Sento Milano Ohrringe aus 925 rhodiniertem Sterlingsilber und hypoallergen.<\/p>\n<p>Drei abnehmende B\u00e4nder mit Schichtungseffekt.<\/p>\n<p>Pav\u00e9 aus wei\u00dfen Zirkonen auf jeder Ebene der Fassung.<\/p>\n<p>Halbrunde Form, die sich elegant um das Ohrl\u00e4ppchen legt.<\/p>\n<p>Gesamtl\u00e4nge des Schmuckst\u00fccks 17 mm.<\/p>\n<p>Breite des Motivs 6,5 mm.<\/p>\n<p>Mit offizieller Ti Sento Milano Box und Garantie.<\/p>\n","protected":false},"excerpt":{"rendered":"<p>Weiche Linien und gl\u00e4nzende Oberfl\u00e4chen f\u00fcr einen hochpolierten Effekt.<\/p>\n","protected":false},"featured_media":215784,"comment_status":"open","ping_status":"closed","template":"","meta":[],"product_brand":[158],"product_cat":[6060],"product_tag":[7442],"class_list":{"0":"post-216671","1":"product","2":"type-product","3":"status-publish","4":"has-post-thumbnail","6":"product_brand-ti-sento-milano","7":"product_cat-ti-sento-milano-ohrringe","8":"product_tag-verfugbar","10":"first","11":"instock","12":"taxable","13":"shipping-taxable","14":"purchasable","15":"product-type-simple"},"exclude_global_add_ons":[],"addons":[],"df_price":129,"df_sale_price":"","df_regular_price":129,"df_image_link":"https:\/\/cdn02.fabioferro.eu\/wp-content\/uploads\/orecchini-ti-sento-milano-stardust-zirconia.jpg","_links":{"self":[{"href":"https:\/\/www.fabioferro.eu\/de\/wp-json\/wp\/v2\/product\/216671","targetHints":{"allow":["GET"]}}],"collection":[{"href":"https:\/\/www.fabioferro.eu\/de\/wp-json\/wp\/v2\/product"}],"about":[{"href":"https:\/\/www.fabioferro.eu\/de\/wp-json\/wp\/v2\/types\/product"}],"replies":[{"embeddable":true,"href":"https:\/\/www.fabioferro.eu\/de\/wp-json\/wp\/v2\/comments?post=216671"}],"version-history":[{"count":0,"href":"https:\/\/www.fabioferro.eu\/de\/wp-json\/wp\/v2\/product\/216671\/revisions"}],"wp:featuredmedia":[{"embeddable":true,"href":"https:\/\/www.fabioferro.eu\/de\/wp-json\/wp\/v2\/media\/215784"}],"wp:attachment":[{"href":"https:\/\/www.fabioferro.eu\/de\/wp-json\/wp\/v2\/media?parent=216671"}],"wp:term":[{"taxonomy":"product_brand","embeddable":true,"href":"https:\/\/www.fabioferro.eu\/de\/wp-json\/wp\/v2\/product_brand?post=216671"},{"taxonomy":"product_cat","embeddable":true,"href":"https:\/\/www.fabioferro.eu\/de\/wp-json\/wp\/v2\/product_cat?post=216671"},{"taxonomy":"product_tag","embeddable":true,"href":"https:\/\/www.fabioferro.eu\/de\/wp-json\/wp\/v2\/product_tag?post=216671"}],"curies":[{"name":"wp","href":"https:\/\/api.w.org\/{rel}","templated":true}]}}