{"id":216678,"date":"2026-04-15T19:07:19","date_gmt":"2026-04-15T17:07:19","guid":{"rendered":"https:\/\/www.fabioferro.eu\/ti-sento-milano-goldene-ohrringe-mit-weissen-zirkonen.html"},"modified":"2026-04-15T19:07:19","modified_gmt":"2026-04-15T17:07:19","slug":"ti-sento-milano-goldene-ohrringe-mit-weissen-zirkonen","status":"publish","type":"product","link":"https:\/\/www.fabioferro.eu\/de\/ti-sento-milano-goldene-ohrringe-mit-weissen-zirkonen.html","title":{"rendered":"Ti Sento Milano Goldene Ohrringe mit wei\u00dfen Zirkonen"},"content":{"rendered":"<p>Ti Sento Milano Creolen aus 925er Sterlingsilber mit 18 kt Gelbgoldplattierung.<\/p>\n<p>Mehrreihiges Design mit abwechselnden Strukturen.<\/p>\n<p>Ein glattes Band, ein Band mit kugelf\u00f6rmigen Verzierungen und einer Reihe wei\u00dfer Zirkonia.<\/p>\n<p>Au\u00dfendurchmesser der Creole 17,5 mm. Bandbreite 11 mm.<\/p>\n<p>In die Schmuckfassung integrierte Schnappschlie\u00dfe.<\/p>\n<p>Mit offizieller Ti Sento Milano Box und Garantie.<\/p>\n","protected":false},"excerpt":{"rendered":"<p>Entscheiden Sie sich f\u00fcr die Sicherheit eines Designs, das alle vor\u00fcbergehenden Moden \u00fcbertrifft.<\/p>\n","protected":false},"featured_media":215859,"comment_status":"open","ping_status":"closed","template":"","meta":[],"product_brand":[158],"product_cat":[6060],"product_tag":[7442],"class_list":{"0":"post-216678","1":"product","2":"type-product","3":"status-publish","4":"has-post-thumbnail","6":"product_brand-ti-sento-milano","7":"product_cat-ti-sento-milano-ohrringe","8":"product_tag-verfugbar","10":"first","11":"instock","12":"taxable","13":"shipping-taxable","14":"purchasable","15":"product-type-simple"},"exclude_global_add_ons":[],"addons":[],"df_price":189,"df_sale_price":"","df_regular_price":189,"df_image_link":"https:\/\/cdn02.fabioferro.eu\/wp-content\/uploads\/orecchini-ti-sento-milano-dorati-con-zirconi-bianchi.jpg","_links":{"self":[{"href":"https:\/\/www.fabioferro.eu\/de\/wp-json\/wp\/v2\/product\/216678","targetHints":{"allow":["GET"]}}],"collection":[{"href":"https:\/\/www.fabioferro.eu\/de\/wp-json\/wp\/v2\/product"}],"about":[{"href":"https:\/\/www.fabioferro.eu\/de\/wp-json\/wp\/v2\/types\/product"}],"replies":[{"embeddable":true,"href":"https:\/\/www.fabioferro.eu\/de\/wp-json\/wp\/v2\/comments?post=216678"}],"version-history":[{"count":0,"href":"https:\/\/www.fabioferro.eu\/de\/wp-json\/wp\/v2\/product\/216678\/revisions"}],"wp:featuredmedia":[{"embeddable":true,"href":"https:\/\/www.fabioferro.eu\/de\/wp-json\/wp\/v2\/media\/215859"}],"wp:attachment":[{"href":"https:\/\/www.fabioferro.eu\/de\/wp-json\/wp\/v2\/media?parent=216678"}],"wp:term":[{"taxonomy":"product_brand","embeddable":true,"href":"https:\/\/www.fabioferro.eu\/de\/wp-json\/wp\/v2\/product_brand?post=216678"},{"taxonomy":"product_cat","embeddable":true,"href":"https:\/\/www.fabioferro.eu\/de\/wp-json\/wp\/v2\/product_cat?post=216678"},{"taxonomy":"product_tag","embeddable":true,"href":"https:\/\/www.fabioferro.eu\/de\/wp-json\/wp\/v2\/product_tag?post=216678"}],"curies":[{"name":"wp","href":"https:\/\/api.w.org\/{rel}","templated":true}]}}