{"id":216679,"date":"2026-04-15T19:07:16","date_gmt":"2026-04-15T17:07:16","guid":{"rendered":"https:\/\/www.fabioferro.eu\/ti-sento-milano-goldener-breiter-bandring-mit-zirkonen.html"},"modified":"2026-04-15T19:07:16","modified_gmt":"2026-04-15T17:07:16","slug":"ti-sento-milano-goldener-breiter-bandring-mit-zirkonen","status":"publish","type":"product","link":"https:\/\/www.fabioferro.eu\/de\/ti-sento-milano-goldener-breiter-bandring-mit-zirkonen.html","title":{"rendered":"Ti Sento Milano Goldener breiter Bandring mit Zirkonen"},"content":{"rendered":"<div id=\"model-response-message-contentr_e73b269115d84f6d\" class=\"markdown markdown-main-panel stronger enable-updated-hr-color\" dir=\"ltr\" aria-live=\"polite\">\n<p data-path-to-node=\"0\">Ti Sento Milano Ring aus Sterlingsilber mit 18kt Gelbgoldplattierung.<\/p>\n<p data-path-to-node=\"0\">Breitband-Design aus mehreren B\u00e4ndern mit wechselnden Strukturen.<\/p>\n<p data-path-to-node=\"0\">\u00c4u\u00dferer Rahmen aus zwei glatten, gelbvergoldeten B\u00e4ndern.<\/p>\n<p data-path-to-node=\"0\">Mittelteil mit einer Mischung aus gestreiften und abgerundeten Abschl\u00fcssen und wei\u00dfem Zirkonia-Pav\u00e9.<\/p>\n<p data-path-to-node=\"0\">Oberes Band 11 mm breit.<\/p>\n<p data-path-to-node=\"0\">Schaftbreite an der Unterseite 2,5 mm.<\/p>\n<p data-path-to-node=\"0\">Juwelengr\u00f6\u00dfe 16.<\/p>\n<p data-path-to-node=\"0\">Mit der offiziellen Ti Sento Milano Verpackung und Garantie.<\/p>\n<\/div>\n","protected":false},"excerpt":{"rendered":"<p>Robuste Konstruktion, ideal f\u00fcr alle, die ein Schmuckst\u00fcck f\u00fcr den Alltag suchen.<\/p>\n","protected":false},"featured_media":216026,"comment_status":"open","ping_status":"closed","template":"","meta":[],"product_brand":[158],"product_cat":[6343],"product_tag":[7442],"class_list":{"0":"post-216679","1":"product","2":"type-product","3":"status-publish","4":"has-post-thumbnail","6":"product_brand-ti-sento-milano","7":"product_cat-ti-sento-milano-ringe","8":"product_tag-verfugbar","10":"first","11":"instock","12":"taxable","13":"shipping-taxable","14":"purchasable","15":"product-type-simple"},"exclude_global_add_ons":[],"addons":[],"df_price":179,"df_sale_price":"","df_regular_price":179,"df_image_link":"https:\/\/cdn02.fabioferro.eu\/wp-content\/uploads\/anello-ti-sento-milano-dorato-a-fascia-larga-con-zirconi.jpg","_links":{"self":[{"href":"https:\/\/www.fabioferro.eu\/de\/wp-json\/wp\/v2\/product\/216679","targetHints":{"allow":["GET"]}}],"collection":[{"href":"https:\/\/www.fabioferro.eu\/de\/wp-json\/wp\/v2\/product"}],"about":[{"href":"https:\/\/www.fabioferro.eu\/de\/wp-json\/wp\/v2\/types\/product"}],"replies":[{"embeddable":true,"href":"https:\/\/www.fabioferro.eu\/de\/wp-json\/wp\/v2\/comments?post=216679"}],"version-history":[{"count":0,"href":"https:\/\/www.fabioferro.eu\/de\/wp-json\/wp\/v2\/product\/216679\/revisions"}],"wp:featuredmedia":[{"embeddable":true,"href":"https:\/\/www.fabioferro.eu\/de\/wp-json\/wp\/v2\/media\/216026"}],"wp:attachment":[{"href":"https:\/\/www.fabioferro.eu\/de\/wp-json\/wp\/v2\/media?parent=216679"}],"wp:term":[{"taxonomy":"product_brand","embeddable":true,"href":"https:\/\/www.fabioferro.eu\/de\/wp-json\/wp\/v2\/product_brand?post=216679"},{"taxonomy":"product_cat","embeddable":true,"href":"https:\/\/www.fabioferro.eu\/de\/wp-json\/wp\/v2\/product_cat?post=216679"},{"taxonomy":"product_tag","embeddable":true,"href":"https:\/\/www.fabioferro.eu\/de\/wp-json\/wp\/v2\/product_tag?post=216679"}],"curies":[{"name":"wp","href":"https:\/\/api.w.org\/{rel}","templated":true}]}}