{"id":216688,"date":"2026-04-15T19:07:20","date_gmt":"2026-04-15T17:07:20","guid":{"rendered":"https:\/\/www.fabioferro.eu\/ti-sento-milano-ohrringe-mit-perlen.html"},"modified":"2026-04-15T19:07:20","modified_gmt":"2026-04-15T17:07:20","slug":"ti-sento-milano-ohrringe-mit-perlen","status":"publish","type":"product","link":"https:\/\/www.fabioferro.eu\/de\/ti-sento-milano-ohrringe-mit-perlen.html","title":{"rendered":"Ti Sento Milano Ohrringe mit Perlen"},"content":{"rendered":"<p>Ti Sento Milano Ohrringe aus Sterlingsilber.<\/p>\n<p>Die Vorderseite des Schmuckst\u00fccks ist mit einem Pav\u00e9 aus gl\u00e4nzenden wei\u00dfen Zirkonia verziert.<\/p>\n<p>Der zentrale Anh\u00e4nger besteht aus einer wei\u00dfen Seidenmuschelperle mit einem Durchmesser von 8 mm.<\/p>\n<p>Gesamtl\u00e4nge des Schmuckst\u00fccks 22 mm.<\/p>\n<p>Mit offizieller Ti Sento Milano Box und Garantie.<\/p>\n","protected":false},"excerpt":{"rendered":"<p>Stilvolle Details, die zeitlose Eleganz ausdr\u00fccken.<\/p>\n","protected":false},"featured_media":215846,"comment_status":"open","ping_status":"closed","template":"","meta":[],"product_brand":[158],"product_cat":[6060],"product_tag":[7442],"class_list":{"0":"post-216688","1":"product","2":"type-product","3":"status-publish","4":"has-post-thumbnail","6":"product_brand-ti-sento-milano","7":"product_cat-ti-sento-milano-ohrringe","8":"product_tag-verfugbar","10":"first","11":"instock","12":"taxable","13":"shipping-taxable","14":"purchasable","15":"product-type-simple"},"exclude_global_add_ons":[],"addons":[],"df_price":89,"df_sale_price":"","df_regular_price":89,"df_image_link":"https:\/\/cdn02.fabioferro.eu\/wp-content\/uploads\/orecchini-ti-sento-milano-con-perle.jpg","_links":{"self":[{"href":"https:\/\/www.fabioferro.eu\/de\/wp-json\/wp\/v2\/product\/216688","targetHints":{"allow":["GET"]}}],"collection":[{"href":"https:\/\/www.fabioferro.eu\/de\/wp-json\/wp\/v2\/product"}],"about":[{"href":"https:\/\/www.fabioferro.eu\/de\/wp-json\/wp\/v2\/types\/product"}],"replies":[{"embeddable":true,"href":"https:\/\/www.fabioferro.eu\/de\/wp-json\/wp\/v2\/comments?post=216688"}],"version-history":[{"count":0,"href":"https:\/\/www.fabioferro.eu\/de\/wp-json\/wp\/v2\/product\/216688\/revisions"}],"wp:featuredmedia":[{"embeddable":true,"href":"https:\/\/www.fabioferro.eu\/de\/wp-json\/wp\/v2\/media\/215846"}],"wp:attachment":[{"href":"https:\/\/www.fabioferro.eu\/de\/wp-json\/wp\/v2\/media?parent=216688"}],"wp:term":[{"taxonomy":"product_brand","embeddable":true,"href":"https:\/\/www.fabioferro.eu\/de\/wp-json\/wp\/v2\/product_brand?post=216688"},{"taxonomy":"product_cat","embeddable":true,"href":"https:\/\/www.fabioferro.eu\/de\/wp-json\/wp\/v2\/product_cat?post=216688"},{"taxonomy":"product_tag","embeddable":true,"href":"https:\/\/www.fabioferro.eu\/de\/wp-json\/wp\/v2\/product_tag?post=216688"}],"curies":[{"name":"wp","href":"https:\/\/api.w.org\/{rel}","templated":true}]}}