{"id":216693,"date":"2026-04-15T19:07:21","date_gmt":"2026-04-15T17:07:21","guid":{"rendered":"https:\/\/www.fabioferro.eu\/ti-sento-milano-ohrringe-mit-zirkonen-und-perlen.html"},"modified":"2026-04-15T19:07:21","modified_gmt":"2026-04-15T17:07:21","slug":"ti-sento-milano-ohrringe-mit-zirkonen-und-perlen","status":"publish","type":"product","link":"https:\/\/www.fabioferro.eu\/de\/ti-sento-milano-ohrringe-mit-zirkonen-und-perlen.html","title":{"rendered":"Ti Sento Milano Ohrringe mit Zirkonen und Perlen"},"content":{"rendered":"<p>Ti Sento Milano Ohrringe aus Sterlingsilber. 925.<\/p>\n<p>Oberer Lichtpunkt mit wei\u00dfem Zirkonia im Brillantschliff.<\/p>\n<p>Anh\u00e4nger aus wei\u00dfer Muschelperle mit glatter und gl\u00e4nzender Oberfl\u00e4che.<\/p>\n<p>Durchmesser der Perle 8 mm, Breite des Motivs 4 mm.<\/p>\n<p>Gesamtl\u00e4nge des Schmuckst\u00fccks 12 mm.<\/p>\n<p>Mit offizieller Ti Sento Milano Box und Garantie.<\/p>\n","protected":false},"excerpt":{"rendered":"<p>Lichtdetails, die Ihren Look auf nat\u00fcrliche Weise vervollst\u00e4ndigen.<\/p>\n","protected":false},"featured_media":215831,"comment_status":"open","ping_status":"closed","template":"","meta":[],"product_brand":[158],"product_cat":[6060],"product_tag":[7442],"class_list":{"0":"post-216693","1":"product","2":"type-product","3":"status-publish","4":"has-post-thumbnail","6":"product_brand-ti-sento-milano","7":"product_cat-ti-sento-milano-ohrringe","8":"product_tag-verfugbar","10":"first","11":"instock","12":"taxable","13":"shipping-taxable","14":"purchasable","15":"product-type-simple"},"exclude_global_add_ons":[],"addons":[],"df_price":69,"df_sale_price":"","df_regular_price":69,"df_image_link":"https:\/\/cdn02.fabioferro.eu\/wp-content\/uploads\/orecchini-ti-sento-milano-con-zirconi-e-perle.jpg","_links":{"self":[{"href":"https:\/\/www.fabioferro.eu\/de\/wp-json\/wp\/v2\/product\/216693","targetHints":{"allow":["GET"]}}],"collection":[{"href":"https:\/\/www.fabioferro.eu\/de\/wp-json\/wp\/v2\/product"}],"about":[{"href":"https:\/\/www.fabioferro.eu\/de\/wp-json\/wp\/v2\/types\/product"}],"replies":[{"embeddable":true,"href":"https:\/\/www.fabioferro.eu\/de\/wp-json\/wp\/v2\/comments?post=216693"}],"version-history":[{"count":0,"href":"https:\/\/www.fabioferro.eu\/de\/wp-json\/wp\/v2\/product\/216693\/revisions"}],"wp:featuredmedia":[{"embeddable":true,"href":"https:\/\/www.fabioferro.eu\/de\/wp-json\/wp\/v2\/media\/215831"}],"wp:attachment":[{"href":"https:\/\/www.fabioferro.eu\/de\/wp-json\/wp\/v2\/media?parent=216693"}],"wp:term":[{"taxonomy":"product_brand","embeddable":true,"href":"https:\/\/www.fabioferro.eu\/de\/wp-json\/wp\/v2\/product_brand?post=216693"},{"taxonomy":"product_cat","embeddable":true,"href":"https:\/\/www.fabioferro.eu\/de\/wp-json\/wp\/v2\/product_cat?post=216693"},{"taxonomy":"product_tag","embeddable":true,"href":"https:\/\/www.fabioferro.eu\/de\/wp-json\/wp\/v2\/product_tag?post=216693"}],"curies":[{"name":"wp","href":"https:\/\/api.w.org\/{rel}","templated":true}]}}