{"id":216705,"date":"2026-04-10T08:38:41","date_gmt":"2026-04-10T06:38:41","guid":{"rendered":"https:\/\/www.fabioferro.eu\/giovanni-raspini-halskette-herzen-kette-43-cm.html"},"modified":"2026-04-10T08:38:41","modified_gmt":"2026-04-10T06:38:41","slug":"giovanni-raspini-halskette-herzen-kette-43-cm","status":"publish","type":"product","link":"https:\/\/www.fabioferro.eu\/de\/giovanni-raspini-halskette-herzen-kette-43-cm.html","title":{"rendered":"Giovanni Raspini Halskette Herzen Kette 43 cm"},"content":{"rendered":"<p data-path-to-node=\"1\">Diese Kreation aus 925er Sterlingsilber besteht aus einer Gliederkette, die mit einer Reihe von bunt gestalteten Herzen verziert ist.<\/p>\n<p data-path-to-node=\"1\">Das Schmuckst\u00fcck hat eine L\u00e4nge von 43 cm und es gibt Endringe, um die Gr\u00f6\u00dfe anzupassen.<\/p>\n<p data-path-to-node=\"1\">Erg\u00e4nzt durch ein Gl\u00fcckshorn und einen praktischen Karabinerhaken-Verschluss mit Logo.<\/p>\n<p data-path-to-node=\"2\">Ein Schmuckst\u00fcck mit romantischem und essentiellem Design, handgefertigt bis ins kleinste Detail und personalisiert mit dem Logo der Marke.<\/p>\n<p data-path-to-node=\"2\">Halskette handgefertigt in Italien, Made in Italy.<\/p>\n<p data-path-to-node=\"3\">Mit Box und offizieller Garantie von Giovanni Raspini.<\/p>\n","protected":false},"excerpt":{"rendered":"<p>Klare Geometrien f\u00fcr ein Schmuckst\u00fcck, das das Auge nicht erm\u00fcdet.<\/p>\n","protected":false},"featured_media":215585,"comment_status":"open","ping_status":"closed","template":"","meta":[],"product_brand":[],"product_cat":[7568],"product_tag":[7551],"class_list":{"0":"post-216705","1":"product","2":"type-product","3":"status-publish","4":"has-post-thumbnail","6":"product_cat-giovanni-raspini-halsketten","7":"product_tag-ausschlusse","9":"first","10":"instock","11":"taxable","12":"shipping-taxable","13":"purchasable","14":"product-type-simple"},"exclude_global_add_ons":[],"addons":[],"df_price":195,"df_sale_price":"","df_regular_price":195,"df_image_link":"https:\/\/cdn02.fabioferro.eu\/wp-content\/uploads\/collana-giovanni-raspini-catena-cuori-43-cm.jpg","_links":{"self":[{"href":"https:\/\/www.fabioferro.eu\/de\/wp-json\/wp\/v2\/product\/216705","targetHints":{"allow":["GET"]}}],"collection":[{"href":"https:\/\/www.fabioferro.eu\/de\/wp-json\/wp\/v2\/product"}],"about":[{"href":"https:\/\/www.fabioferro.eu\/de\/wp-json\/wp\/v2\/types\/product"}],"replies":[{"embeddable":true,"href":"https:\/\/www.fabioferro.eu\/de\/wp-json\/wp\/v2\/comments?post=216705"}],"version-history":[{"count":0,"href":"https:\/\/www.fabioferro.eu\/de\/wp-json\/wp\/v2\/product\/216705\/revisions"}],"wp:featuredmedia":[{"embeddable":true,"href":"https:\/\/www.fabioferro.eu\/de\/wp-json\/wp\/v2\/media\/215585"}],"wp:attachment":[{"href":"https:\/\/www.fabioferro.eu\/de\/wp-json\/wp\/v2\/media?parent=216705"}],"wp:term":[{"taxonomy":"product_brand","embeddable":true,"href":"https:\/\/www.fabioferro.eu\/de\/wp-json\/wp\/v2\/product_brand?post=216705"},{"taxonomy":"product_cat","embeddable":true,"href":"https:\/\/www.fabioferro.eu\/de\/wp-json\/wp\/v2\/product_cat?post=216705"},{"taxonomy":"product_tag","embeddable":true,"href":"https:\/\/www.fabioferro.eu\/de\/wp-json\/wp\/v2\/product_tag?post=216705"}],"curies":[{"name":"wp","href":"https:\/\/api.w.org\/{rel}","templated":true}]}}