{"id":216708,"date":"2026-04-15T19:07:14","date_gmt":"2026-04-15T17:07:14","guid":{"rendered":"https:\/\/www.fabioferro.eu\/ti-sento-milano-ring-mit-fuenf-baendern-und-weissen-zirkonen.html"},"modified":"2026-04-15T19:07:14","modified_gmt":"2026-04-15T17:07:14","slug":"ti-sento-milano-ring-mit-fuenf-baendern-und-weissen-zirkonen","status":"publish","type":"product","link":"https:\/\/www.fabioferro.eu\/de\/ti-sento-milano-ring-mit-fuenf-baendern-und-weissen-zirkonen.html","title":{"rendered":"Ti Sento Milano Ring mit f\u00fcnf B\u00e4ndern und wei\u00dfen Zirkonen"},"content":{"rendered":"<div id=\"model-response-message-contentr_e720233d92afcd93\" class=\"markdown markdown-main-panel stronger enable-updated-hr-color\" dir=\"ltr\" aria-live=\"polite\">\n<p data-path-to-node=\"0\">Ti Sento Milano Ring aus 925er Sterlingsilber.<\/p>\n<p data-path-to-node=\"0\">Banddesign bestehend aus f\u00fcnf B\u00e4ndern mit abwechselnden Oberfl\u00e4chen.<\/p>\n<p data-path-to-node=\"0\">Es zeichnet sich durch eine Mischung aus glatten Oberfl\u00e4chen, gearbeiteten Strukturen und einer Reihe wei\u00dfer Zirkone aus.<\/p>\n<p data-path-to-node=\"0\">Oberes Band 18 mm breit.<\/p>\n<p data-path-to-node=\"0\">Schaftbreite an der Unterseite 3 mm.<\/p>\n<p data-path-to-node=\"0\">Juwelengr\u00f6\u00dfe 16.<\/p>\n<p data-path-to-node=\"0\">Strukturierte Kollektion mit einer sch\u00fctzenden Platinoberfl\u00e4che.<\/p>\n<p data-path-to-node=\"0\">Mit der offiziellen Ti Sento Milano Verpackung und Garantie.<\/p>\n<\/div>\n","protected":false},"excerpt":{"rendered":"<p>Hochwertige Veredelungen, die einen lang anhaltenden Glanz garantieren.<\/p>\n","protected":false},"featured_media":215997,"comment_status":"open","ping_status":"closed","template":"","meta":[],"product_brand":[158],"product_cat":[6343],"product_tag":[7442],"class_list":{"0":"post-216708","1":"product","2":"type-product","3":"status-publish","4":"has-post-thumbnail","6":"product_brand-ti-sento-milano","7":"product_cat-ti-sento-milano-ringe","8":"product_tag-verfugbar","10":"first","11":"instock","12":"taxable","13":"shipping-taxable","14":"purchasable","15":"product-type-simple"},"exclude_global_add_ons":[],"addons":[],"df_price":169,"df_sale_price":"","df_regular_price":169,"df_image_link":"https:\/\/cdn02.fabioferro.eu\/wp-content\/uploads\/anello-ti-sento-milano-con-cinque-fasce-e-zirconi-bianchi.jpg","_links":{"self":[{"href":"https:\/\/www.fabioferro.eu\/de\/wp-json\/wp\/v2\/product\/216708","targetHints":{"allow":["GET"]}}],"collection":[{"href":"https:\/\/www.fabioferro.eu\/de\/wp-json\/wp\/v2\/product"}],"about":[{"href":"https:\/\/www.fabioferro.eu\/de\/wp-json\/wp\/v2\/types\/product"}],"replies":[{"embeddable":true,"href":"https:\/\/www.fabioferro.eu\/de\/wp-json\/wp\/v2\/comments?post=216708"}],"version-history":[{"count":0,"href":"https:\/\/www.fabioferro.eu\/de\/wp-json\/wp\/v2\/product\/216708\/revisions"}],"wp:featuredmedia":[{"embeddable":true,"href":"https:\/\/www.fabioferro.eu\/de\/wp-json\/wp\/v2\/media\/215997"}],"wp:attachment":[{"href":"https:\/\/www.fabioferro.eu\/de\/wp-json\/wp\/v2\/media?parent=216708"}],"wp:term":[{"taxonomy":"product_brand","embeddable":true,"href":"https:\/\/www.fabioferro.eu\/de\/wp-json\/wp\/v2\/product_brand?post=216708"},{"taxonomy":"product_cat","embeddable":true,"href":"https:\/\/www.fabioferro.eu\/de\/wp-json\/wp\/v2\/product_cat?post=216708"},{"taxonomy":"product_tag","embeddable":true,"href":"https:\/\/www.fabioferro.eu\/de\/wp-json\/wp\/v2\/product_tag?post=216708"}],"curies":[{"name":"wp","href":"https:\/\/api.w.org\/{rel}","templated":true}]}}