{"id":216711,"date":"2026-04-15T19:07:12","date_gmt":"2026-04-15T17:07:12","guid":{"rendered":"https:\/\/www.fabioferro.eu\/ti-sento-milano-goldring-mit-weissen-zirkonen.html"},"modified":"2026-04-15T19:07:12","modified_gmt":"2026-04-15T17:07:12","slug":"ti-sento-milano-goldring-mit-weissen-zirkonen","status":"publish","type":"product","link":"https:\/\/www.fabioferro.eu\/de\/ti-sento-milano-goldring-mit-weissen-zirkonen.html","title":{"rendered":"Ti Sento Milano Goldring mit wei\u00dfen Zirkonen"},"content":{"rendered":"<div id=\"model-response-message-contentr_38a1a01a6ba66edf\" class=\"markdown markdown-main-panel stronger enable-updated-hr-color\" dir=\"ltr\" aria-live=\"polite\">\n<p data-path-to-node=\"0\">Ti Sento Milano Ring aus Sterlingsilber mit 18kt Gelbgoldplattierung.<\/p>\n<p data-path-to-node=\"0\">Abgerundetes, volumin\u00f6ses Silhouetten-Design mit gl\u00e4nzender Oberfl\u00e4che.<\/p>\n<p data-path-to-node=\"0\">Wei\u00dfe Zirkone im Rundschliff sind verdeckt in die Struktur eingesetzt.<\/p>\n<p data-path-to-node=\"0\">Ring Gr\u00f6\u00dfe 12.<\/p>\n<p data-path-to-node=\"0\">Oberes Band 5 mm breit.<\/p>\n<p data-path-to-node=\"0\">Schaftbreite an der Unterseite 2 mm.<\/p>\n<p data-path-to-node=\"0\">Skulpturale Struktur, ideal um sie einzeln oder in Kombination zu tragen.<\/p>\n<p data-path-to-node=\"0\">Mit der offiziellen Ti Sento Milano Verpackung und Garantie.<\/p>\n<\/div>\n","protected":false},"excerpt":{"rendered":"<p>Ein vielseitiges Accessoire, das jede Ihrer Gesten aufwertet.<\/p>\n","protected":false},"featured_media":215952,"comment_status":"open","ping_status":"closed","template":"","meta":[],"product_brand":[158],"product_cat":[6343],"product_tag":[7442],"class_list":{"0":"post-216711","1":"product","2":"type-product","3":"status-publish","4":"has-post-thumbnail","6":"product_brand-ti-sento-milano","7":"product_cat-ti-sento-milano-ringe","8":"product_tag-verfugbar","10":"first","11":"instock","12":"taxable","13":"shipping-taxable","14":"purchasable","15":"product-type-simple"},"exclude_global_add_ons":[],"addons":[],"df_price":119,"df_sale_price":"","df_regular_price":119,"df_image_link":"https:\/\/cdn02.fabioferro.eu\/wp-content\/uploads\/anello-ti-sento-milano-dorato-con-zirconi-bianchi.jpg","_links":{"self":[{"href":"https:\/\/www.fabioferro.eu\/de\/wp-json\/wp\/v2\/product\/216711","targetHints":{"allow":["GET"]}}],"collection":[{"href":"https:\/\/www.fabioferro.eu\/de\/wp-json\/wp\/v2\/product"}],"about":[{"href":"https:\/\/www.fabioferro.eu\/de\/wp-json\/wp\/v2\/types\/product"}],"replies":[{"embeddable":true,"href":"https:\/\/www.fabioferro.eu\/de\/wp-json\/wp\/v2\/comments?post=216711"}],"version-history":[{"count":0,"href":"https:\/\/www.fabioferro.eu\/de\/wp-json\/wp\/v2\/product\/216711\/revisions"}],"wp:featuredmedia":[{"embeddable":true,"href":"https:\/\/www.fabioferro.eu\/de\/wp-json\/wp\/v2\/media\/215952"}],"wp:attachment":[{"href":"https:\/\/www.fabioferro.eu\/de\/wp-json\/wp\/v2\/media?parent=216711"}],"wp:term":[{"taxonomy":"product_brand","embeddable":true,"href":"https:\/\/www.fabioferro.eu\/de\/wp-json\/wp\/v2\/product_brand?post=216711"},{"taxonomy":"product_cat","embeddable":true,"href":"https:\/\/www.fabioferro.eu\/de\/wp-json\/wp\/v2\/product_cat?post=216711"},{"taxonomy":"product_tag","embeddable":true,"href":"https:\/\/www.fabioferro.eu\/de\/wp-json\/wp\/v2\/product_tag?post=216711"}],"curies":[{"name":"wp","href":"https:\/\/api.w.org\/{rel}","templated":true}]}}