{"id":216715,"date":"2026-04-15T19:07:13","date_gmt":"2026-04-15T17:07:13","guid":{"rendered":"https:\/\/www.fabioferro.eu\/ti-sento-milano-doppelter-bandring-mit-zirkonen.html"},"modified":"2026-04-15T19:07:13","modified_gmt":"2026-04-15T17:07:13","slug":"ti-sento-milano-doppelter-bandring-mit-zirkonen","status":"publish","type":"product","link":"https:\/\/www.fabioferro.eu\/de\/ti-sento-milano-doppelter-bandring-mit-zirkonen.html","title":{"rendered":"Ti Sento Milano Doppelter Bandring mit Zirkonen"},"content":{"rendered":"<p>Ti Sento Milano Ring aus 925er Sterlingsilber mit 18-kar\u00e4tiger Gelbgoldplattierung.<\/p>\n<p>Kreuzbanddesign mit einer k\u00fchnen, skulpturalen Silhouette.<\/p>\n<p>Ein glattes Gelbgoldband und eines mit wei\u00dfem Zirkonia-Pav\u00e9 verziert.<\/p>\n<p>Obere Breite des Motivs 11 mm.<\/p>\n<p>Untere Breite des Schafts 2,5 mm.<\/p>\n<p>Ringgr\u00f6\u00dfe 16.<\/p>\n<p>Mit offizieller Ti Sento Milano Box und Garantie.<\/p>\n","protected":false},"excerpt":{"rendered":"<p>Die sichere Wahl f\u00fcr diejenigen, die mit dezenter Raffinesse gl\u00e4nzen m\u00f6chten.<\/p>\n","protected":false},"featured_media":215966,"comment_status":"open","ping_status":"closed","template":"","meta":[],"product_brand":[158],"product_cat":[6343],"product_tag":[7442],"class_list":{"0":"post-216715","1":"product","2":"type-product","3":"status-publish","4":"has-post-thumbnail","6":"product_brand-ti-sento-milano","7":"product_cat-ti-sento-milano-ringe","8":"product_tag-verfugbar","10":"first","11":"instock","12":"taxable","13":"shipping-taxable","14":"purchasable","15":"product-type-simple"},"exclude_global_add_ons":[],"addons":[],"df_price":189,"df_sale_price":"","df_regular_price":189,"df_image_link":"https:\/\/cdn02.fabioferro.eu\/wp-content\/uploads\/anello-ti-sento-milano-doppia-fascia-con-zirconi-2.jpg","_links":{"self":[{"href":"https:\/\/www.fabioferro.eu\/de\/wp-json\/wp\/v2\/product\/216715","targetHints":{"allow":["GET"]}}],"collection":[{"href":"https:\/\/www.fabioferro.eu\/de\/wp-json\/wp\/v2\/product"}],"about":[{"href":"https:\/\/www.fabioferro.eu\/de\/wp-json\/wp\/v2\/types\/product"}],"replies":[{"embeddable":true,"href":"https:\/\/www.fabioferro.eu\/de\/wp-json\/wp\/v2\/comments?post=216715"}],"version-history":[{"count":0,"href":"https:\/\/www.fabioferro.eu\/de\/wp-json\/wp\/v2\/product\/216715\/revisions"}],"wp:featuredmedia":[{"embeddable":true,"href":"https:\/\/www.fabioferro.eu\/de\/wp-json\/wp\/v2\/media\/215966"}],"wp:attachment":[{"href":"https:\/\/www.fabioferro.eu\/de\/wp-json\/wp\/v2\/media?parent=216715"}],"wp:term":[{"taxonomy":"product_brand","embeddable":true,"href":"https:\/\/www.fabioferro.eu\/de\/wp-json\/wp\/v2\/product_brand?post=216715"},{"taxonomy":"product_cat","embeddable":true,"href":"https:\/\/www.fabioferro.eu\/de\/wp-json\/wp\/v2\/product_cat?post=216715"},{"taxonomy":"product_tag","embeddable":true,"href":"https:\/\/www.fabioferro.eu\/de\/wp-json\/wp\/v2\/product_tag?post=216715"}],"curies":[{"name":"wp","href":"https:\/\/api.w.org\/{rel}","templated":true}]}}