{"id":216718,"date":"2026-04-15T19:07:16","date_gmt":"2026-04-15T17:07:16","guid":{"rendered":"https:\/\/www.fabioferro.eu\/ti-sento-milano-tennisarmband-6mm.html"},"modified":"2026-04-15T19:07:16","modified_gmt":"2026-04-15T17:07:16","slug":"ti-sento-milano-tennisarmband-6mm","status":"publish","type":"product","link":"https:\/\/www.fabioferro.eu\/de\/ti-sento-milano-tennisarmband-6mm.html","title":{"rendered":"Ti Sento Milano Tennisarmband 6mm"},"content":{"rendered":"<div id=\"model-response-message-contentr_42b68a9f8f195095\" class=\"markdown markdown-main-panel stronger enable-updated-hr-color\" dir=\"ltr\" aria-live=\"polite\">\n<p data-path-to-node=\"0\">Ti Sento Milano Armband aus 925er Sterlingsilber.<\/p>\n<p data-path-to-node=\"0\">Ikonisches Tennis-Modell mit einer durchgehenden Reihe gro\u00dfer wei\u00dfer Zirkonia im Rundschliff.<\/p>\n<p data-path-to-node=\"0\">Von Hand gefasste Steine mit Vier-Zacken-Fassung.<\/p>\n<p data-path-to-node=\"0\">Sch\u00fctzendes Platin-Finish f\u00fcr einen intensiven und lang anhaltenden Glanz.<\/p>\n<p data-path-to-node=\"0\">Erh\u00e4ltlich in den Gr\u00f6\u00dfen S (cm. 14.0 bis 15.4), M (cm. 15.4 bis 17.4) und L (cm. 17.6 bis 19.5).<\/p>\n<p data-path-to-node=\"0\">Mit der offiziellen Ti Sento Milano Verpackung und Garantie.<\/p>\n<\/div>\n","protected":false},"excerpt":{"rendered":"<p>Eine kontinuierliche Lichtlinie, die sich mit Eleganz um das Handgelenk legt.<\/p>\n","protected":false},"featured_media":216046,"comment_status":"open","ping_status":"closed","template":"","meta":[],"product_brand":[158],"product_cat":[6074],"product_tag":[7442],"class_list":{"0":"post-216718","1":"product","2":"type-product","3":"status-publish","4":"has-post-thumbnail","6":"product_brand-ti-sento-milano","7":"product_cat-ti-sento-milano-armbander","8":"product_tag-verfugbar","10":"first","11":"instock","12":"sale","13":"taxable","14":"shipping-taxable","15":"purchasable","16":"product-type-variable","17":"has-default-attributes"},"exclude_global_add_ons":[],"addons":[],"df_price":152.1,"df_sale_price":"","df_regular_price":152.1,"df_image_link":"https:\/\/cdn02.fabioferro.eu\/wp-content\/uploads\/bracciale-ti-sento-milano-tennis-6mm.jpg","_links":{"self":[{"href":"https:\/\/www.fabioferro.eu\/de\/wp-json\/wp\/v2\/product\/216718","targetHints":{"allow":["GET"]}}],"collection":[{"href":"https:\/\/www.fabioferro.eu\/de\/wp-json\/wp\/v2\/product"}],"about":[{"href":"https:\/\/www.fabioferro.eu\/de\/wp-json\/wp\/v2\/types\/product"}],"replies":[{"embeddable":true,"href":"https:\/\/www.fabioferro.eu\/de\/wp-json\/wp\/v2\/comments?post=216718"}],"version-history":[{"count":0,"href":"https:\/\/www.fabioferro.eu\/de\/wp-json\/wp\/v2\/product\/216718\/revisions"}],"wp:featuredmedia":[{"embeddable":true,"href":"https:\/\/www.fabioferro.eu\/de\/wp-json\/wp\/v2\/media\/216046"}],"wp:attachment":[{"href":"https:\/\/www.fabioferro.eu\/de\/wp-json\/wp\/v2\/media?parent=216718"}],"wp:term":[{"taxonomy":"product_brand","embeddable":true,"href":"https:\/\/www.fabioferro.eu\/de\/wp-json\/wp\/v2\/product_brand?post=216718"},{"taxonomy":"product_cat","embeddable":true,"href":"https:\/\/www.fabioferro.eu\/de\/wp-json\/wp\/v2\/product_cat?post=216718"},{"taxonomy":"product_tag","embeddable":true,"href":"https:\/\/www.fabioferro.eu\/de\/wp-json\/wp\/v2\/product_tag?post=216718"}],"curies":[{"name":"wp","href":"https:\/\/api.w.org\/{rel}","templated":true}]}}