{"id":216726,"date":"2026-04-15T19:07:17","date_gmt":"2026-04-15T17:07:17","guid":{"rendered":"https:\/\/www.fabioferro.eu\/ti-sento-milano-starrer-armreif-geflochten-mit-zirkonen.html"},"modified":"2026-04-15T19:07:17","modified_gmt":"2026-04-15T17:07:17","slug":"ti-sento-milano-starrer-armreif-geflochten-mit-zirkonen","status":"publish","type":"product","link":"https:\/\/www.fabioferro.eu\/de\/ti-sento-milano-starrer-armreif-geflochten-mit-zirkonen.html","title":{"rendered":"Ti Sento Milano Starrer Armreif geflochten mit Zirkonen"},"content":{"rendered":"<div id=\"model-response-message-contentr_fda6d581e9273494\" class=\"markdown markdown-main-panel stronger enable-updated-hr-color\" dir=\"ltr\" aria-live=\"polite\">\n<p data-path-to-node=\"0\">Ti Sento Milano Damenarmband aus Sterlingsilber mit 18kt Gelbgoldplattierung.<\/p>\n<p data-path-to-node=\"0\">Skulpturales Design mit drei ineinander verschlungenen B\u00e4ndern mit unterschiedlichen Motiven.<\/p>\n<p data-path-to-node=\"0\">Es gibt ein Band aus Gelbgold, ein rhodiniertes Silberband und ein Band mit wei\u00dfem Zirkonia-Pav\u00e9.<\/p>\n<p data-path-to-node=\"0\">Sch\u00fctzendes Platin-Finish f\u00fcr lang anhaltenden Glanz.<\/p>\n<p data-path-to-node=\"0\">Erh\u00e4ltlich in den Gr\u00f6\u00dfen S (cm. 14.0 &#8211; 15.4), M (cm. 15.4 &#8211; 17.4) und L (cm. 17.6 &#8211; 19.5).<\/p>\n<p data-path-to-node=\"0\">Mit der offiziellen Ti Sento Milano Verpackung und Garantie.<\/p>\n<\/div>\n","protected":false},"excerpt":{"rendered":"<p>Symmetrie und Brillanz vereinen sich zu einem einzigartigen und kostbaren Schmuckst\u00fcck.<\/p>\n","protected":false},"featured_media":216071,"comment_status":"open","ping_status":"closed","template":"","meta":[],"product_brand":[158],"product_cat":[6074],"product_tag":[7442],"class_list":{"0":"post-216726","1":"product","2":"type-product","3":"status-publish","4":"has-post-thumbnail","6":"product_brand-ti-sento-milano","7":"product_cat-ti-sento-milano-armbander","8":"product_tag-verfugbar","10":"first","11":"instock","12":"sale","13":"taxable","14":"shipping-taxable","15":"purchasable","16":"product-type-variable","17":"has-default-attributes"},"exclude_global_add_ons":[],"addons":[],"df_price":230.4,"df_sale_price":"","df_regular_price":230.4,"df_image_link":"https:\/\/cdn02.fabioferro.eu\/wp-content\/uploads\/bracciale-ti-sento-milano-rigido-intrecciato-con-zirconi.jpg","_links":{"self":[{"href":"https:\/\/www.fabioferro.eu\/de\/wp-json\/wp\/v2\/product\/216726","targetHints":{"allow":["GET"]}}],"collection":[{"href":"https:\/\/www.fabioferro.eu\/de\/wp-json\/wp\/v2\/product"}],"about":[{"href":"https:\/\/www.fabioferro.eu\/de\/wp-json\/wp\/v2\/types\/product"}],"replies":[{"embeddable":true,"href":"https:\/\/www.fabioferro.eu\/de\/wp-json\/wp\/v2\/comments?post=216726"}],"version-history":[{"count":0,"href":"https:\/\/www.fabioferro.eu\/de\/wp-json\/wp\/v2\/product\/216726\/revisions"}],"wp:featuredmedia":[{"embeddable":true,"href":"https:\/\/www.fabioferro.eu\/de\/wp-json\/wp\/v2\/media\/216071"}],"wp:attachment":[{"href":"https:\/\/www.fabioferro.eu\/de\/wp-json\/wp\/v2\/media?parent=216726"}],"wp:term":[{"taxonomy":"product_brand","embeddable":true,"href":"https:\/\/www.fabioferro.eu\/de\/wp-json\/wp\/v2\/product_brand?post=216726"},{"taxonomy":"product_cat","embeddable":true,"href":"https:\/\/www.fabioferro.eu\/de\/wp-json\/wp\/v2\/product_cat?post=216726"},{"taxonomy":"product_tag","embeddable":true,"href":"https:\/\/www.fabioferro.eu\/de\/wp-json\/wp\/v2\/product_tag?post=216726"}],"curies":[{"name":"wp","href":"https:\/\/api.w.org\/{rel}","templated":true}]}}