{"id":218381,"date":"2026-05-06T17:13:18","date_gmt":"2026-05-06T15:13:18","guid":{"rendered":"https:\/\/www.fabioferro.eu\/longines-lengend-diver-gruen-automatik-39mm.html"},"modified":"2026-05-06T17:13:18","modified_gmt":"2026-05-06T15:13:18","slug":"longines-lengend-diver-gruen-automatik-39mm","status":"publish","type":"product","link":"https:\/\/www.fabioferro.eu\/de\/longines-lengend-diver-gruen-automatik-39mm.html","title":{"rendered":"Longines Lengend Diver Gr\u00fcn Automatik 39mm"},"content":{"rendered":"<p data-path-to-node=\"2\">Sie ist mit dem Kaliber L888.6 ausgestattet, einem mechanischen Uhrwerk mit Automatikaufzug und einer Gangreserve von etwa 72 Stunden. Es arbeitet mit einer Frequenz von 25.200 Halbschwingungen pro Stunde und ist mit einer Unruhspirale aus monokristallinem Silizium f\u00fcr h\u00f6chste Pr\u00e4zision ausgestattet. <\/p>\n<p data-path-to-node=\"3\">Das Edelstahlgeh\u00e4use hat einen Durchmesser von 39,00 mm und eine Dicke von 12,70 mm. Mit einem Gewicht von nur 92,0 g liegt die Uhr sehr ausgewogen am Handgelenk. Die Uhr ist f\u00fcr den Einsatz unter Wasser konzipiert und verf\u00fcgt \u00fcber eine verschraubte Krone, einen verschraubten Geh\u00e4useboden und eine Wasserdichtigkeit bis 30 bar (300 Meter). Das Zifferblatt ist durch ein kratzfestes Saphirglas mit beidseitiger Antireflexionsbeschichtung gesch\u00fctzt.  <\/p>\n<p data-path-to-node=\"4\">Das Zifferblatt in einem lebendigen Gr\u00fcnton ist mit arabischen Ziffern und gemalten Stundenmarkierungen versehen. Die polierten silbernen Zeiger und Zifferblattelemente sind mit Schweizer Super-LumiNova beschichtet und sorgen f\u00fcr perfekte Ablesbarkeit. Ein besonderes Merkmal ist der drehbare innere Flansch f\u00fcr die Tauchzeiten.  <\/p>\n<p data-path-to-node=\"5\">Das Armband ist aus gr\u00fcnem Gummi mit einer synthetischen Innenseite f\u00fcr maximalen Komfort und Widerstandsf\u00e4higkeit, erg\u00e4nzt durch einen klassischen Schnallenverschluss.<\/p>\n<p data-path-to-node=\"6\">Inklusive Verpackung und offizieller Longines 5-Jahres-Garantie.<\/p>\n","protected":false},"excerpt":{"rendered":"<p>Eine au\u00dfergew\u00f6hnliche Taucheruhr, die die unaufl\u00f6sliche Verbindung zwischen Longines und der Welt der Entdeckung feiert.<\/p>\n","protected":false},"featured_media":217944,"comment_status":"open","ping_status":"closed","template":"","meta":[],"product_brand":[],"product_cat":[5953],"product_tag":[],"class_list":{"0":"post-218381","1":"product","2":"type-product","3":"status-publish","4":"has-post-thumbnail","6":"product_cat-longines-herrenuhren","7":"pa_collezione-longines-legend-taucheruhr","9":"first","10":"instock","11":"taxable","12":"shipping-taxable","13":"purchasable","14":"product-type-simple"},"exclude_global_add_ons":[],"addons":[],"df_price":3450,"df_sale_price":"","df_regular_price":3450,"df_image_link":"https:\/\/cdn02.fabioferro.eu\/wp-content\/uploads\/longines-legend-diver-verde-automatico-39mm.jpg","_links":{"self":[{"href":"https:\/\/www.fabioferro.eu\/de\/wp-json\/wp\/v2\/product\/218381","targetHints":{"allow":["GET"]}}],"collection":[{"href":"https:\/\/www.fabioferro.eu\/de\/wp-json\/wp\/v2\/product"}],"about":[{"href":"https:\/\/www.fabioferro.eu\/de\/wp-json\/wp\/v2\/types\/product"}],"replies":[{"embeddable":true,"href":"https:\/\/www.fabioferro.eu\/de\/wp-json\/wp\/v2\/comments?post=218381"}],"version-history":[{"count":0,"href":"https:\/\/www.fabioferro.eu\/de\/wp-json\/wp\/v2\/product\/218381\/revisions"}],"wp:featuredmedia":[{"embeddable":true,"href":"https:\/\/www.fabioferro.eu\/de\/wp-json\/wp\/v2\/media\/217944"}],"wp:attachment":[{"href":"https:\/\/www.fabioferro.eu\/de\/wp-json\/wp\/v2\/media?parent=218381"}],"wp:term":[{"taxonomy":"product_brand","embeddable":true,"href":"https:\/\/www.fabioferro.eu\/de\/wp-json\/wp\/v2\/product_brand?post=218381"},{"taxonomy":"product_cat","embeddable":true,"href":"https:\/\/www.fabioferro.eu\/de\/wp-json\/wp\/v2\/product_cat?post=218381"},{"taxonomy":"product_tag","embeddable":true,"href":"https:\/\/www.fabioferro.eu\/de\/wp-json\/wp\/v2\/product_tag?post=218381"}],"curies":[{"name":"wp","href":"https:\/\/api.w.org\/{rel}","templated":true}]}}