{"id":30278,"date":"2018-10-06T08:39:11","date_gmt":"2018-10-06T06:39:11","guid":{"rendered":"https:\/\/www.fabioferro.eu\/festina-chronograph-men-39-s-watch-with-three-dimensional-black-dial-pink-pvd-steel-case-mm-44-prestige-collection-with-black-rubber-strap\/"},"modified":"2024-02-08T12:55:33","modified_gmt":"2024-02-08T11:55:33","slug":"festina-chronograph-men-39-s-watch-with-three-dimensional-black-dial-pink-pvd-steel-case-mm-44-prestige-collection-with-black-rubber-strap","status":"publish","type":"product","link":"https:\/\/www.fabioferro.eu\/en\/festina-chronograph-men-39-s-watch-with-three-dimensional-black-dial-pink-pvd-steel-case-mm-44-prestige-collection-with-black-rubber-strap.html","title":{"rendered":"Festina Men&#8217;s Chronograph Watch With Black Three-Dimensional Dial Pink PVD Steel Case MM. 44 Prestige Collection with Black Rubber Strap"},"content":{"rendered":"<div class=\"description\">\n<div class=\"description\">\n<p>Festina men&#8217;s Chronograph model watch in pink PVD steel Prestige collection.<\/p>\n<p>Analog quartz chronograph movement.<\/p>\n<p>Pink PVD steel case diameter mm. 44.00 thickness mm. 12.00. Black PVD steel knurled waterproof crown. Pump chrono buttons. Steel screw-down case back and water resistant to 10 ATM.<\/p>\n<p>Unidirectional outer bezel in satin black PVD steel.<\/p>\n<p>Tempered mineral glass.<\/p>\n<p>Three-dimensional black color dial with horizontal stripes. Ros\u00e9 metal hour and minute hands with luminescence on tips. Center chrono seconds hand in ros\u00e9 polished metal. Luminescent applied hour markers edged in shiny ros\u00e9.<\/p>\n<p>Date box positioned at 4 o&#8217;clock.<\/p>\n<p>Black rubber strap with polished PVD steel prong buckle with Festina logo.<\/p>\n<p>New watch accompanied by box and original Festina 2-year warranty.<\/p>\n<p>Issuing tax receipt and\/or invoice.<\/p>\n<p>&nbsp;<\/p>\n<p>&nbsp;<\/p>\n<\/div>\n<\/div>\n","protected":false},"excerpt":{"rendered":"<p>Festina men&#8217;s Prestige collection watch in pink PVD steel with black rubber strap.<\/p>\n","protected":false},"featured_media":30276,"comment_status":"open","ping_status":"closed","template":"","meta":[],"product_brand":[171],"product_cat":[3287],"product_tag":[],"class_list":{"0":"post-30278","1":"product","2":"type-product","3":"status-publish","4":"has-post-thumbnail","6":"product_brand-festina","7":"product_cat-festina-men-s-watches","9":"first","10":"outofstock","11":"sale","12":"taxable","13":"shipping-taxable","14":"purchasable","15":"product-type-simple"},"exclude_global_add_ons":[],"addons":[],"df_price":143.2,"df_sale_price":143.2,"df_regular_price":179,"df_image_link":"https:\/\/cdn02.fabioferro.eu\/wp-content\/uploads\/virtuemart\/product\/orologio-festina-uomo-prestige-chrono-F20367-1.jpg","_links":{"self":[{"href":"https:\/\/www.fabioferro.eu\/en\/wp-json\/wp\/v2\/product\/30278","targetHints":{"allow":["GET"]}}],"collection":[{"href":"https:\/\/www.fabioferro.eu\/en\/wp-json\/wp\/v2\/product"}],"about":[{"href":"https:\/\/www.fabioferro.eu\/en\/wp-json\/wp\/v2\/types\/product"}],"replies":[{"embeddable":true,"href":"https:\/\/www.fabioferro.eu\/en\/wp-json\/wp\/v2\/comments?post=30278"}],"version-history":[{"count":0,"href":"https:\/\/www.fabioferro.eu\/en\/wp-json\/wp\/v2\/product\/30278\/revisions"}],"wp:featuredmedia":[{"embeddable":true,"href":"https:\/\/www.fabioferro.eu\/en\/wp-json\/wp\/v2\/media\/30276"}],"wp:attachment":[{"href":"https:\/\/www.fabioferro.eu\/en\/wp-json\/wp\/v2\/media?parent=30278"}],"wp:term":[{"taxonomy":"product_brand","embeddable":true,"href":"https:\/\/www.fabioferro.eu\/en\/wp-json\/wp\/v2\/product_brand?post=30278"},{"taxonomy":"product_cat","embeddable":true,"href":"https:\/\/www.fabioferro.eu\/en\/wp-json\/wp\/v2\/product_cat?post=30278"},{"taxonomy":"product_tag","embeddable":true,"href":"https:\/\/www.fabioferro.eu\/en\/wp-json\/wp\/v2\/product_tag?post=30278"}],"curies":[{"name":"wp","href":"https:\/\/api.w.org\/{rel}","templated":true}]}}